{"id":416,"date":"2021-07-26T13:19:54","date_gmt":"2021-07-26T13:19:54","guid":{"rendered":"https:\/\/ussartf.org\/?page_id=416"},"modified":"2026-04-26T05:52:00","modified_gmt":"2026-04-26T05:52:00","slug":"startseite","status":"publish","type":"page","link":"https:\/\/ussartf.org\/de\/","title":{"rendered":"Startseite"},"content":{"rendered":"\t\t<div data-elementor-type=\"wp-page\" data-elementor-id=\"416\" class=\"elementor elementor-416\" data-elementor-settings=\"[]\">\n\t\t\t\t\t\t\t<div class=\"elementor-section-wrap\">\n\t\t\t\t\t\t\t<section class=\"elementor-section elementor-top-section elementor-element elementor-element-9712a02 elementor-section-boxed elementor-section-height-default elementor-section-height-default\" data-id=\"9712a02\" data-element_type=\"section\">\n\t\t\t\t\t\t<div class=\"elementor-container elementor-column-gap-default\">\n\t\t\t\t\t<div class=\"elementor-column elementor-col-100 elementor-top-column elementor-element elementor-element-e18b05f\" data-id=\"e18b05f\" data-element_type=\"column\">\n\t\t\t<div class=\"elementor-widget-wrap elementor-element-populated\">\n\t\t\t\t\t\t\t\t<div class=\"elementor-element elementor-element-5f3aba6 elementor-widget elementor-widget-text-editor\" data-id=\"5f3aba6\" data-element_type=\"widget\" data-widget_type=\"text-editor.default\">\n\t\t\t\t<div class=\"elementor-widget-container\">\n\t\t\t<style>\/*! elementor - v3.5.5 - 03-02-2022 *\/\n.elementor-widget-text-editor.elementor-drop-cap-view-stacked .elementor-drop-cap{background-color:#818a91;color:#fff}.elementor-widget-text-editor.elementor-drop-cap-view-framed .elementor-drop-cap{color:#818a91;border:3px solid;background-color:transparent}.elementor-widget-text-editor:not(.elementor-drop-cap-view-default) .elementor-drop-cap{margin-top:8px}.elementor-widget-text-editor:not(.elementor-drop-cap-view-default) .elementor-drop-cap-letter{width:1em;height:1em}.elementor-widget-text-editor .elementor-drop-cap{float:left;text-align:center;line-height:1;font-size:50px}.elementor-widget-text-editor .elementor-drop-cap-letter{display:inline-block}<\/style>\t\t\t\t<p>Nahrungserg\u00e4nzungsmittel sind ein Teil der Ern\u00e4hrung eines Sportlers. Bei diesen Erg\u00e4nzungsmitteln kann es sich um Pulver, Getr\u00e4nke und Pillen handeln, die alle darauf ausgelegt sind, die sportliche Leistung zu steigern oder Ern\u00e4hrungsl\u00fccken zu schlie\u00dfen. Egal ob Athleten viel an Masse zulegen m\u00f6chten oder andere Sportler die ihr Gewicht und K\u00f6rperfettanteil reduzieren m\u00f6chten. Mit einer guten Ern\u00e4hrung und der richtigen Supplementierung kann jeder mit geringem Aufwand das bestm\u00f6glichste Resultat erzielen.<\/p><p>Nahrungserg\u00e4nzungsmittel haben einen langen Weg von den Tagen der Di\u00e4tpillen und Pulver hinter sich. Heutzutage gibt es Nahrungserg\u00e4nzungsmittel in vielen Formen wie Tabletten, Getr\u00e4nke und sogar Pulver, die Sportler zusammenmischen k\u00f6nnen, um sie mit ihrem Lieblingsprotein oder -pulver einzunehmen. In der Tat gibt es heute viele verschiedene Arten von Nahrungserg\u00e4nzungsmitteln auf dem Markt, die auf mehrere Probleme im Zusammenhang mit Ihrem K\u00f6rper abzielen.<\/p><p>Es gibt noch andere Nahrungserg\u00e4nzungsmittel, die nicht so bekannt sind. Dazu geh\u00f6ren Sportgetr\u00e4nke und Energiegels zur Unterst\u00fctzung der allgemeinen Gesundheit und Ern\u00e4hrung bei k\u00f6rperlichen Aktivit\u00e4ten. Diese Nahrungserg\u00e4nzungsmittel k\u00f6nnen auch eine gute Erg\u00e4nzung zur Genesung nach einer Verletzung beitragen. Da diese Produkte mit nat\u00fcrlichen Inhaltsstoffen hergestellt werden, k\u00f6nnen sie helfen, die Gesundheit nach einer Verletzung zu erhalten, wenn Sie die richtige Marke w\u00e4hlen. Dar\u00fcber hinaus k\u00f6nnen sie eine bequeme M\u00f6glichkeit bieten, die Anforderungen an Sportern\u00e4hrung zu erf\u00fcllen und gleichzeitig das Idealgewicht f\u00fcr Ihren K\u00f6rper zu halten.<\/p><p>Wenn es um Sportern\u00e4hrung geht, sollten Sie die Verwendung von fettfreien, kalorienfreien und zuckerfreien Snacks vermeiden, da diese nicht zum Muskelaufbau beitragen. Verzehren Sie stattdessen eine Ern\u00e4hrung, die reich an Obst, Gem\u00fcse, Vollkornprodukten, magerem Eiwei\u00df und Ballaststoffen ist, um maximale gesundheitliche Vorteile zu erzielen.<\/p><p>Um einen gesunden und eventuell muskul\u00f6sen K\u00f6rper zu erreichen, ist es wichtig, viel Protein, Mineralien und Vitamine zu sich zu nehmen. Eiwei\u00df ist der wichtigste N\u00e4hrstoff f\u00fcr den Muskelaufbau, da es dem K\u00f6rper die f\u00fcr die Gewebereparatur und -entwicklung notwendigen Bausteine liefert. Nehmen Sie mindestens 2 Gramm Protein pro Kilogramm K\u00f6rpergewicht zu sich, um Ihre Muskelentwicklung und Gesundheit zu maximieren.<\/p><p>Ein weiteres wichtiges Element einer effektiven Ern\u00e4hrung sind Kohlenhydrate, die zur Verbesserung von Ausdauer und Leistung beitragen k\u00f6nnen. Kohlenhydrate sind auch f\u00fcr die F\u00f6rderung der Gehirnfunktionen und der geistigen Fitness von Vorteil. Der Verzehr von zu vielen Kohlenhydraten kann jedoch hohe Blutzuckerspitzen verursachen, die Ihre sportliche Leistung beeintr\u00e4chtigen k\u00f6nnen. Nahrungserg\u00e4nzungen und\/oder unverarbeitete Lebensmittel, die miteinander Proteine und Kohlenhydrate liefern, bieten die besten N\u00e4hrstoffe f\u00fcr den Aufbau von Muskeln und die Steigerung Ihres Energieniveaus.<\/p><p>NGH-Berichte und Koffeingehalt: Es ist wichtig, bei der Auswahl eines Nahrungserg\u00e4nzungsmittels f\u00fcr den Fitnessbereich auf diese Inhaltsstoffe zu achten. Obwohl Koffein als ein sicherer und effektiver Inhaltsstoff gilt, haben Studien gezeigt, dass es negative Auswirkungen auf den Blutdruck, die Herzfrequenz und die K\u00f6rpertemperatur hat. NGH hingegen wurde in Vorstudien als sicher eingestuft. Allerdings kann der Verzehr von zu viel NGH zu ernsthaften gesundheitlichen Problemen f\u00fchren, besonders wenn es in gro\u00dfen Mengen eingenommen wird.<\/p>\t\t\t\t\t\t<\/div>\n\t\t\t\t<\/div>\n\t\t\t\t<div class=\"elementor-element elementor-element-7b5e476 elementor-widget elementor-widget-heading\" data-id=\"7b5e476\" data-element_type=\"widget\" data-widget_type=\"heading.default\">\n\t\t\t\t<div class=\"elementor-widget-container\">\n\t\t\t<style>\/*! elementor - v3.5.5 - 03-02-2022 *\/\n.elementor-heading-title{padding:0;margin:0;line-height:1}.elementor-widget-heading .elementor-heading-title[class*=elementor-size-]>a{color:inherit;font-size:inherit;line-height:inherit}.elementor-widget-heading .elementor-heading-title.elementor-size-small{font-size:15px}.elementor-widget-heading .elementor-heading-title.elementor-size-medium{font-size:19px}.elementor-widget-heading .elementor-heading-title.elementor-size-large{font-size:29px}.elementor-widget-heading .elementor-heading-title.elementor-size-xl{font-size:39px}.elementor-widget-heading .elementor-heading-title.elementor-size-xxl{font-size:59px}<\/style><h2 class=\"elementor-heading-title elementor-size-default\">Unsere beliebtesten Themen auf ussartf.org<\/h2>\t\t<\/div>\n\t\t\t\t<\/div>\n\t\t\t\t<section class=\"elementor-section elementor-inner-section elementor-element elementor-element-cf23eda elementor-section-boxed elementor-section-height-default elementor-section-height-default\" data-id=\"cf23eda\" data-element_type=\"section\">\n\t\t\t\t\t\t<div class=\"elementor-container elementor-column-gap-default\">\n\t\t\t\t\t<div class=\"elementor-column elementor-col-50 elementor-inner-column elementor-element elementor-element-1ee2cb7\" data-id=\"1ee2cb7\" data-element_type=\"column\">\n\t\t\t<div class=\"elementor-widget-wrap elementor-element-populated\">\n\t\t\t\t\t\t\t\t<div class=\"elementor-element elementor-element-e3ef0a7 elementor-icon-list--layout-traditional elementor-list-item-link-full_width elementor-widget elementor-widget-icon-list\" data-id=\"e3ef0a7\" data-element_type=\"widget\" data-widget_type=\"icon-list.default\">\n\t\t\t\t<div class=\"elementor-widget-container\">\n\t\t\t<style>\/*! elementor - v3.5.5 - 03-02-2022 *\/\n.elementor-widget.elementor-icon-list--layout-inline .elementor-widget-container{overflow:hidden}.elementor-widget .elementor-icon-list-items.elementor-inline-items{margin-right:-8px;margin-left:-8px}.elementor-widget .elementor-icon-list-items.elementor-inline-items .elementor-icon-list-item{margin-right:8px;margin-left:8px}.elementor-widget .elementor-icon-list-items.elementor-inline-items .elementor-icon-list-item:after{width:auto;left:auto;right:auto;position:relative;height:100%;border-top:0;border-bottom:0;border-right:0;border-left-width:1px;border-style:solid;right:-8px}.elementor-widget .elementor-icon-list-items{list-style-type:none;margin:0;padding:0}.elementor-widget .elementor-icon-list-item{margin:0;padding:0;position:relative}.elementor-widget .elementor-icon-list-item:after{position:absolute;bottom:0;width:100%}.elementor-widget .elementor-icon-list-item,.elementor-widget .elementor-icon-list-item a{display:-webkit-box;display:-ms-flexbox;display:flex;-webkit-box-align:center;-ms-flex-align:center;align-items:center;font-size:inherit}.elementor-widget .elementor-icon-list-icon+.elementor-icon-list-text{-ms-flex-item-align:center;align-self:center;padding-left:5px}.elementor-widget .elementor-icon-list-icon{display:-webkit-box;display:-ms-flexbox;display:flex}.elementor-widget .elementor-icon-list-icon svg{width:var(--e-icon-list-icon-size,1em);height:var(--e-icon-list-icon-size,1em)}.elementor-widget .elementor-icon-list-icon i{width:1.25em;font-size:var(--e-icon-list-icon-size)}.elementor-widget.elementor-widget-icon-list .elementor-icon-list-icon{text-align:var(--e-icon-list-icon-align)}.elementor-widget.elementor-widget-icon-list .elementor-icon-list-icon svg{margin:var(--e-icon-list-icon-margin,0 calc(var(--e-icon-list-icon-size, 1em) * .25) 0 0)}.elementor-widget.elementor-list-item-link-full_width a{width:100%}.elementor-widget.elementor-align-center .elementor-icon-list-item,.elementor-widget.elementor-align-center .elementor-icon-list-item a{-webkit-box-pack:center;-ms-flex-pack:center;justify-content:center}.elementor-widget.elementor-align-center .elementor-icon-list-item:after{margin:auto}.elementor-widget.elementor-align-center .elementor-inline-items{-webkit-box-pack:center;-ms-flex-pack:center;justify-content:center}.elementor-widget.elementor-align-left .elementor-icon-list-item,.elementor-widget.elementor-align-left .elementor-icon-list-item a{-webkit-box-pack:start;-ms-flex-pack:start;justify-content:flex-start;text-align:left}.elementor-widget.elementor-align-left .elementor-inline-items{-webkit-box-pack:start;-ms-flex-pack:start;justify-content:flex-start}.elementor-widget.elementor-align-right .elementor-icon-list-item,.elementor-widget.elementor-align-right .elementor-icon-list-item a{-webkit-box-pack:end;-ms-flex-pack:end;justify-content:flex-end;text-align:right}.elementor-widget.elementor-align-right .elementor-icon-list-items{-webkit-box-pack:end;-ms-flex-pack:end;justify-content:flex-end}.elementor-widget:not(.elementor-align-right) .elementor-icon-list-item:after{left:0}.elementor-widget:not(.elementor-align-left) .elementor-icon-list-item:after{right:0}@media (max-width:1024px){.elementor-widget.elementor-tablet-align-center .elementor-icon-list-item,.elementor-widget.elementor-tablet-align-center .elementor-icon-list-item a,.elementor-widget.elementor-tablet-align-center .elementor-icon-list-items{-webkit-box-pack:center;-ms-flex-pack:center;justify-content:center}.elementor-widget.elementor-tablet-align-center .elementor-icon-list-item:after{margin:auto}.elementor-widget.elementor-tablet-align-left .elementor-icon-list-items{-webkit-box-pack:start;-ms-flex-pack:start;justify-content:flex-start}.elementor-widget.elementor-tablet-align-left .elementor-icon-list-item,.elementor-widget.elementor-tablet-align-left .elementor-icon-list-item a{-webkit-box-pack:start;-ms-flex-pack:start;justify-content:flex-start;text-align:left}.elementor-widget.elementor-tablet-align-right .elementor-icon-list-items{-webkit-box-pack:end;-ms-flex-pack:end;justify-content:flex-end}.elementor-widget.elementor-tablet-align-right .elementor-icon-list-item,.elementor-widget.elementor-tablet-align-right .elementor-icon-list-item a{-webkit-box-pack:end;-ms-flex-pack:end;justify-content:flex-end;text-align:right}.elementor-widget:not(.elementor-tablet-align-right) .elementor-icon-list-item:after{left:0}.elementor-widget:not(.elementor-tablet-align-left) .elementor-icon-list-item:after{right:0}}@media (max-width:767px){.elementor-widget.elementor-mobile-align-center .elementor-icon-list-item,.elementor-widget.elementor-mobile-align-center .elementor-icon-list-item a,.elementor-widget.elementor-mobile-align-center .elementor-icon-list-items{-webkit-box-pack:center;-ms-flex-pack:center;justify-content:center}.elementor-widget.elementor-mobile-align-center .elementor-icon-list-item:after{margin:auto}.elementor-widget.elementor-mobile-align-left .elementor-icon-list-items{-webkit-box-pack:start;-ms-flex-pack:start;justify-content:flex-start}.elementor-widget.elementor-mobile-align-left .elementor-icon-list-item,.elementor-widget.elementor-mobile-align-left .elementor-icon-list-item a{-webkit-box-pack:start;-ms-flex-pack:start;justify-content:flex-start;text-align:left}.elementor-widget.elementor-mobile-align-right .elementor-icon-list-items{-webkit-box-pack:end;-ms-flex-pack:end;justify-content:flex-end}.elementor-widget.elementor-mobile-align-right .elementor-icon-list-item,.elementor-widget.elementor-mobile-align-right .elementor-icon-list-item a{-webkit-box-pack:end;-ms-flex-pack:end;justify-content:flex-end;text-align:right}.elementor-widget:not(.elementor-mobile-align-right) .elementor-icon-list-item:after{left:0}.elementor-widget:not(.elementor-mobile-align-left) .elementor-icon-list-item:after{right:0}}<\/style>\t\t<ul class=\"elementor-icon-list-items\">\n\t\t\t\t\t\t\t<li class=\"elementor-icon-list-item\">\n\t\t\t\t\t\t\t\t\t\t\t<span class=\"elementor-icon-list-icon\">\n\t\t\t\t\t\t\t<i aria-hidden=\"true\" class=\"fas fa-caret-right\"><\/i>\t\t\t\t\t\t<\/span>\n\t\t\t\t\t\t\t\t\t\t<span class=\"elementor-icon-list-text\"><span style=\"color: #000000;\"><a style=\"color: #000000;\" title=\"SynGas Testbericht 2026: Bewertungen & Erfahrungen\" href=https:\/\/ussartf.org\/de\/syngas-erfahrungen\/>SynGas<\/a><\/span><\/span>\n\t\t\t\t\t\t\t\t\t<\/li>\n\t\t\t\t\t\t\t\t<li class=\"elementor-icon-list-item\">\n\t\t\t\t\t\t\t\t\t\t\t<span class=\"elementor-icon-list-icon\">\n\t\t\t\t\t\t\t<i aria-hidden=\"true\" class=\"fas fa-caret-right\"><\/i>\t\t\t\t\t\t<\/span>\n\t\t\t\t\t\t\t\t\t\t<span class=\"elementor-icon-list-text\"><span style=\"color: #000000;\"><a style=\"color: #000000;\" title=\"Magnesium bei Diabetes \u2013 Einfluss auf den Blutzuckerspiegel\" href=https:\/\/ussartf.org\/de\/magnesium-bei-diabetes\/\">Magnesium bei Diabetes<\/a><\/span><\/span>\n\t\t\t\t\t\t\t\t\t<\/li>\n\t\t\t\t\t\t<\/ul>\n\t\t\t\t<\/div>\n\t\t\t\t<\/div>\n\t\t\t\t\t<\/div>\n\t\t<\/div>\n\t\t\t\t<div class=\"elementor-column elementor-col-50 elementor-inner-column elementor-element elementor-element-3d1a09a\" data-id=\"3d1a09a\" data-element_type=\"column\">\n\t\t\t<div class=\"elementor-widget-wrap elementor-element-populated\">\n\t\t\t\t\t\t\t\t<div class=\"elementor-element elementor-element-26f7e7b elementor-icon-list--layout-traditional elementor-list-item-link-full_width elementor-widget elementor-widget-icon-list\" data-id=\"26f7e7b\" data-element_type=\"widget\" data-widget_type=\"icon-list.default\">\n\t\t\t\t<div class=\"elementor-widget-container\">\n\t\t\t\t\t<ul class=\"elementor-icon-list-items\">\n\t\t\t\t\t\t\t<li class=\"elementor-icon-list-item\">\n\t\t\t\t\t\t\t\t\t\t\t<span class=\"elementor-icon-list-icon\">\n\t\t\t\t\t\t\t<i aria-hidden=\"true\" class=\"fas fa-caret-right\"><\/i>\t\t\t\t\t\t<\/span>\n\t\t\t\t\t\t\t\t\t\t<span class=\"elementor-icon-list-text\"><span style=\"color: #000000;\"><a style=\"color: #000000;\" title=\"Die Rolle von Magnesium f\u00fcr Herz und Kreislauf einfach erkl\u00e4rt\" href=https:\/\/ussartf.org\/de\/magnesium-fuer-herz-und-kreislauf\/>Magnesium f\u00fcr Herz und Kreislauf<\/a><\/span><\/span>\n\t\t\t\t\t\t\t\t\t<\/li>\n\t\t\t\t\t\t<\/ul>\n\t\t\t\t<\/div>\n\t\t\t\t<\/div>\n\t\t\t\t\t<\/div>\n\t\t<\/div>\n\t\t\t\t\t\t\t<\/div>\n\t\t<\/section>\n\t\t\t\t\t<\/div>\n\t\t<\/div>\n\t\t\t\t\t\t\t<\/div>\n\t\t<\/section>\n\t\t\t\t\t\t<\/div>\n\t\t\t\t\t<\/div>\n\t\t","protected":false},"excerpt":{"rendered":"<p>Nahrungserg\u00e4nzungsmittel sind ein Teil der Ern\u00e4hrung eines Sportlers. Bei diesen Erg\u00e4nzungsmitteln kann es sich um Pulver, Getr\u00e4nke und Pillen handeln, die alle darauf ausgelegt sind, die sportliche Leistung zu steigern oder Ern\u00e4hrungsl\u00fccken zu schlie\u00dfen. Egal ob Athleten viel an Masse zulegen m\u00f6chten oder andere Sportler die ihr Gewicht und K\u00f6rperfettanteil reduzieren m\u00f6chten. Mit einer guten [&hellip;]<\/p>\n","protected":false},"author":1,"featured_media":0,"parent":0,"menu_order":0,"comment_status":"closed","ping_status":"closed","template":"","meta":{"footnotes":""},"class_list":["post-416","page","type-page","status-publish","hentry"],"yoast_head":"<!-- This site is optimized with the Yoast SEO plugin v27.3 - https:\/\/yoast.com\/product\/yoast-seo-wordpress\/ -->\n<title>Startseite - Seo Title<\/title>\n<meta name=\"robots\" content=\"index, follow, max-snippet:-1, max-image-preview:large, max-video-preview:-1\" \/>\n<link rel=\"canonical\" href=\"https:\/\/ussartf.org\/de\/startseite\/\" \/>\n<meta property=\"og:locale\" content=\"de_DE\" \/>\n<meta property=\"og:type\" content=\"article\" \/>\n<meta property=\"og:title\" content=\"Startseite - Seo Title\" \/>\n<meta property=\"og:description\" content=\"Nahrungserg\u00e4nzungsmittel sind ein Teil der Ern\u00e4hrung eines Sportlers. Bei diesen Erg\u00e4nzungsmitteln kann es sich um Pulver, Getr\u00e4nke und Pillen handeln, die alle darauf ausgelegt sind, die sportliche Leistung zu steigern oder Ern\u00e4hrungsl\u00fccken zu schlie\u00dfen. Egal ob Athleten viel an Masse zulegen m\u00f6chten oder andere Sportler die ihr Gewicht und K\u00f6rperfettanteil reduzieren m\u00f6chten. Mit einer guten [&hellip;]\" \/>\n<meta property=\"og:url\" content=\"https:\/\/ussartf.org\/de\/startseite\/\" \/>\n<meta property=\"og:site_name\" content=\"Seo Title\" \/>\n<meta property=\"article:modified_time\" content=\"2026-04-26T05:52:00+00:00\" \/>\n<meta name=\"twitter:card\" content=\"summary_large_image\" \/>\n<meta name=\"twitter:label1\" content=\"Gesch\u00e4tzte Lesezeit\" \/>\n\t<meta name=\"twitter:data1\" content=\"3\u00a0Minuten\" \/>\n<script type=\"application\/ld+json\" class=\"yoast-schema-graph\">{\"@context\":\"https:\\\/\\\/schema.org\",\"@graph\":[{\"@type\":\"WebPage\",\"@id\":\"https:\\\/\\\/ussartf.org\\\/de\\\/startseite\\\/\",\"url\":\"https:\\\/\\\/ussartf.org\\\/de\\\/startseite\\\/\",\"name\":\"Startseite - Seo Title\",\"isPartOf\":{\"@id\":\"https:\\\/\\\/ussartf.org\\\/#website\"},\"datePublished\":\"2021-07-26T13:19:54+00:00\",\"dateModified\":\"2026-04-26T05:52:00+00:00\",\"breadcrumb\":{\"@id\":\"https:\\\/\\\/ussartf.org\\\/de\\\/startseite\\\/#breadcrumb\"},\"inLanguage\":\"de\",\"potentialAction\":[{\"@type\":\"ReadAction\",\"target\":[\"https:\\\/\\\/ussartf.org\\\/de\\\/startseite\\\/\"]}]},{\"@type\":\"BreadcrumbList\",\"@id\":\"https:\\\/\\\/ussartf.org\\\/de\\\/startseite\\\/#breadcrumb\",\"itemListElement\":[{\"@type\":\"ListItem\",\"position\":1,\"name\":\"Home\",\"item\":\"https:\\\/\\\/ussartf.org\\\/de\\\/startseite\\\/\"},{\"@type\":\"ListItem\",\"position\":2,\"name\":\"Startseite\"}]},{\"@type\":\"WebSite\",\"@id\":\"https:\\\/\\\/ussartf.org\\\/#website\",\"url\":\"https:\\\/\\\/ussartf.org\\\/\",\"name\":\"Seo Title\",\"description\":\"Just another WordPress site\",\"publisher\":{\"@id\":\"https:\\\/\\\/ussartf.org\\\/#organization\"},\"potentialAction\":[{\"@type\":\"SearchAction\",\"target\":{\"@type\":\"EntryPoint\",\"urlTemplate\":\"https:\\\/\\\/ussartf.org\\\/?s={search_term_string}\"},\"query-input\":{\"@type\":\"PropertyValueSpecification\",\"valueRequired\":true,\"valueName\":\"search_term_string\"}}],\"inLanguage\":\"de\"},{\"@type\":\"Organization\",\"@id\":\"https:\\\/\\\/ussartf.org\\\/#organization\",\"name\":\"Ussartf\",\"url\":\"https:\\\/\\\/ussartf.org\\\/\",\"logo\":{\"@type\":\"ImageObject\",\"inLanguage\":\"de\",\"@id\":\"https:\\\/\\\/ussartf.org\\\/#\\\/schema\\\/logo\\\/image\\\/\",\"url\":\"https:\\\/\\\/ussartf.org\\\/wp-content\\\/uploads\\\/2021\\\/07\\\/ussartf.org-Logo.png\",\"contentUrl\":\"https:\\\/\\\/ussartf.org\\\/wp-content\\\/uploads\\\/2021\\\/07\\\/ussartf.org-Logo.png\",\"width\":260,\"height\":84,\"caption\":\"Ussartf\"},\"image\":{\"@id\":\"https:\\\/\\\/ussartf.org\\\/#\\\/schema\\\/logo\\\/image\\\/\"}}]}<\/script>\n<!-- \/ Yoast SEO plugin. -->","yoast_head_json":{"title":"Startseite - Seo Title","robots":{"index":"index","follow":"follow","max-snippet":"max-snippet:-1","max-image-preview":"max-image-preview:large","max-video-preview":"max-video-preview:-1"},"canonical":"https:\/\/ussartf.org\/de\/startseite\/","og_locale":"de_DE","og_type":"article","og_title":"Startseite - Seo Title","og_description":"Nahrungserg\u00e4nzungsmittel sind ein Teil der Ern\u00e4hrung eines Sportlers. Bei diesen Erg\u00e4nzungsmitteln kann es sich um Pulver, Getr\u00e4nke und Pillen handeln, die alle darauf ausgelegt sind, die sportliche Leistung zu steigern oder Ern\u00e4hrungsl\u00fccken zu schlie\u00dfen. Egal ob Athleten viel an Masse zulegen m\u00f6chten oder andere Sportler die ihr Gewicht und K\u00f6rperfettanteil reduzieren m\u00f6chten. Mit einer guten [&hellip;]","og_url":"https:\/\/ussartf.org\/de\/startseite\/","og_site_name":"Seo Title","article_modified_time":"2026-04-26T05:52:00+00:00","twitter_card":"summary_large_image","twitter_misc":{"Gesch\u00e4tzte Lesezeit":"3\u00a0Minuten"},"schema":{"@context":"https:\/\/schema.org","@graph":[{"@type":"WebPage","@id":"https:\/\/ussartf.org\/de\/startseite\/","url":"https:\/\/ussartf.org\/de\/startseite\/","name":"Startseite - Seo Title","isPartOf":{"@id":"https:\/\/ussartf.org\/#website"},"datePublished":"2021-07-26T13:19:54+00:00","dateModified":"2026-04-26T05:52:00+00:00","breadcrumb":{"@id":"https:\/\/ussartf.org\/de\/startseite\/#breadcrumb"},"inLanguage":"de","potentialAction":[{"@type":"ReadAction","target":["https:\/\/ussartf.org\/de\/startseite\/"]}]},{"@type":"BreadcrumbList","@id":"https:\/\/ussartf.org\/de\/startseite\/#breadcrumb","itemListElement":[{"@type":"ListItem","position":1,"name":"Home","item":"https:\/\/ussartf.org\/de\/startseite\/"},{"@type":"ListItem","position":2,"name":"Startseite"}]},{"@type":"WebSite","@id":"https:\/\/ussartf.org\/#website","url":"https:\/\/ussartf.org\/","name":"Seo Title","description":"Just another WordPress site","publisher":{"@id":"https:\/\/ussartf.org\/#organization"},"potentialAction":[{"@type":"SearchAction","target":{"@type":"EntryPoint","urlTemplate":"https:\/\/ussartf.org\/?s={search_term_string}"},"query-input":{"@type":"PropertyValueSpecification","valueRequired":true,"valueName":"search_term_string"}}],"inLanguage":"de"},{"@type":"Organization","@id":"https:\/\/ussartf.org\/#organization","name":"Ussartf","url":"https:\/\/ussartf.org\/","logo":{"@type":"ImageObject","inLanguage":"de","@id":"https:\/\/ussartf.org\/#\/schema\/logo\/image\/","url":"https:\/\/ussartf.org\/wp-content\/uploads\/2021\/07\/ussartf.org-Logo.png","contentUrl":"https:\/\/ussartf.org\/wp-content\/uploads\/2021\/07\/ussartf.org-Logo.png","width":260,"height":84,"caption":"Ussartf"},"image":{"@id":"https:\/\/ussartf.org\/#\/schema\/logo\/image\/"}}]}},"_links":{"self":[{"href":"https:\/\/ussartf.org\/de\/wp-json\/wp\/v2\/pages\/416","targetHints":{"allow":["GET"]}}],"collection":[{"href":"https:\/\/ussartf.org\/de\/wp-json\/wp\/v2\/pages"}],"about":[{"href":"https:\/\/ussartf.org\/de\/wp-json\/wp\/v2\/types\/page"}],"author":[{"embeddable":true,"href":"https:\/\/ussartf.org\/de\/wp-json\/wp\/v2\/users\/1"}],"replies":[{"embeddable":true,"href":"https:\/\/ussartf.org\/de\/wp-json\/wp\/v2\/comments?post=416"}],"version-history":[{"count":6,"href":"https:\/\/ussartf.org\/de\/wp-json\/wp\/v2\/pages\/416\/revisions"}],"predecessor-version":[{"id":4294,"href":"https:\/\/ussartf.org\/de\/wp-json\/wp\/v2\/pages\/416\/revisions\/4294"}],"wp:attachment":[{"href":"https:\/\/ussartf.org\/de\/wp-json\/wp\/v2\/media?parent=416"}],"curies":[{"name":"wp","href":"https:\/\/api.w.org\/{rel}","templated":true}]}}